{"id":50,"date":"2020-01-18T22:21:52","date_gmt":"2020-01-18T21:21:52","guid":{"rendered":"https:\/\/naturjalles.org\/?page_id=50"},"modified":"2025-02-01T17:00:47","modified_gmt":"2025-02-01T16:00:47","slug":"sorties-nature-2","status":"publish","type":"page","link":"https:\/\/naturjalles.org\/index.php\/sorties-nature-2\/","title":{"rendered":"SORTIES"},"content":{"rendered":"\n<p>Natur&rsquo;Jalles a pour vocation de sensibiliser et de faire d\u00e9couvrir au grand public l&rsquo;environnement et la biodiversit\u00e9 de son territoire. Selon les th\u00e9matiques, elles sont anim\u00e9es soit par des membres de l&rsquo;association, soit par des intervenants ext\u00e9rieurs au fil des saisons.<\/p>\n\n\n\n<p>Chaque mois, nous organisons des sorties \u00e0 destination de tous.  Sauf exception, elles sont gratuites pour les <a href=\"https:\/\/www.helloasso.com\/associations\/naturjalles\/adhesions\/bulletin-d-adhesion-natur-jalles\">adh\u00e9rents<\/a> de l&rsquo;association, sinon le tarif est de 6\u20ac par sortie pour les non adh\u00e9rents.<\/p>\n\n\n\n<p>Pour les sorties ayant lieu en dehors des communes limitrophes de Saint M\u00e9dard-en-Jalles, nous organisons du covoiturage entre les participants.<\/p>\n\n\n\n<p>Les sorties sont \u00e9galement annonc\u00e9es chaque mois dans le journal de la <a href=\"https:\/\/www.saint-medard-en-jalles.fr\/page\/agir\/rejoindre-une-association\/annuaire-des-associations\/naturjalles\">commune de Saint M\u00e9dard-en-Jalles<\/a>.<\/p>\n\n\n\n<p><\/p>\n","protected":false},"excerpt":{"rendered":"<p>Natur&rsquo;Jalles a pour vocation de sensibiliser et de faire d\u00e9couvrir au grand public l&rsquo;environnement et la biodiversit\u00e9 de son territoire. Selon les th\u00e9matiques, elles sont anim\u00e9es soit par des membres de l&rsquo;association, soit par des intervenants ext\u00e9rieurs au fil des saisons. Chaque mois, nous organisons des sorties \u00e0 destination de tous. Sauf exception, elles sont [&hellip;]<\/p>\n","protected":false},"author":1,"featured_media":0,"parent":0,"menu_order":0,"comment_status":"closed","ping_status":"closed","template":"","meta":{"_monsterinsights_skip_tracking":false,"_monsterinsights_sitenote_active":false,"_monsterinsights_sitenote_note":"","_monsterinsights_sitenote_category":0,"footnotes":""},"class_list":["post-50","page","type-page","status-publish","hentry"],"_links":{"self":[{"href":"https:\/\/naturjalles.org\/index.php\/wp-json\/wp\/v2\/pages\/50","targetHints":{"allow":["GET"]}}],"collection":[{"href":"https:\/\/naturjalles.org\/index.php\/wp-json\/wp\/v2\/pages"}],"about":[{"href":"https:\/\/naturjalles.org\/index.php\/wp-json\/wp\/v2\/types\/page"}],"author":[{"embeddable":true,"href":"https:\/\/naturjalles.org\/index.php\/wp-json\/wp\/v2\/users\/1"}],"replies":[{"embeddable":true,"href":"https:\/\/naturjalles.org\/index.php\/wp-json\/wp\/v2\/comments?post=50"}],"version-history":[{"count":9,"href":"https:\/\/naturjalles.org\/index.php\/wp-json\/wp\/v2\/pages\/50\/revisions"}],"predecessor-version":[{"id":311,"href":"https:\/\/naturjalles.org\/index.php\/wp-json\/wp\/v2\/pages\/50\/revisions\/311"}],"wp:attachment":[{"href":"https:\/\/naturjalles.org\/index.php\/wp-json\/wp\/v2\/media?parent=50"}],"curies":[{"name":"wp","href":"https:\/\/api.w.org\/{rel}","templated":true}]}}