{"id":292,"date":"2025-01-30T10:47:42","date_gmt":"2025-01-30T09:47:42","guid":{"rendered":"https:\/\/naturjalles.org\/?page_id=292"},"modified":"2026-03-28T09:38:17","modified_gmt":"2026-03-28T08:38:17","slug":"archives-2024","status":"publish","type":"page","link":"https:\/\/naturjalles.org\/index.php\/archives-2024\/","title":{"rendered":"ARCHIVES 2011&#8230;2023"},"content":{"rendered":"\n<p>Sous l&rsquo;impulsion de sa 1\u00e8re pr\u00e9sidente, Fran\u00e7oise COULOUDOU, Natur&rsquo;Jalles s&rsquo;est tr\u00e8s vite dot\u00e9 d&rsquo;un blog aliment\u00e9 r\u00e9guli\u00e8rement et qui documentait en particulier tous les projets ayant un impact local sur l&rsquo;environnement.<\/p>\n\n\n\n<p>Dans l&rsquo;onglet Archives, vous trouverez beaucoup d&rsquo;informations ( 1565 articles!) sur des projets touchant notamment St M\u00e9dard en Jalles ou les communes environnantes sur la p\u00e9riode 2011-2023.<\/p>\n\n\n\n<p>Bonne recherche! &#8230;. <a href=\"https:\/\/naturjalles.over-blog.com\">https:\/\/naturjalles.over-blog.com<\/a><\/p>\n\n\n\n<p><\/p>\n","protected":false},"excerpt":{"rendered":"<p>Sous l&rsquo;impulsion de sa 1\u00e8re pr\u00e9sidente, Fran\u00e7oise COULOUDOU, Natur&rsquo;Jalles s&rsquo;est tr\u00e8s vite dot\u00e9 d&rsquo;un blog aliment\u00e9 r\u00e9guli\u00e8rement et qui documentait en particulier tous les projets ayant un impact local sur l&rsquo;environnement. Dans l&rsquo;onglet Archives, vous trouverez beaucoup d&rsquo;informations ( 1565 articles!) sur des projets touchant notamment St M\u00e9dard en Jalles ou les communes environnantes sur [&hellip;]<\/p>\n","protected":false},"author":1,"featured_media":0,"parent":0,"menu_order":0,"comment_status":"closed","ping_status":"closed","template":"","meta":{"_monsterinsights_skip_tracking":false,"_monsterinsights_sitenote_active":false,"_monsterinsights_sitenote_note":"","_monsterinsights_sitenote_category":0,"footnotes":""},"class_list":["post-292","page","type-page","status-publish","hentry"],"_links":{"self":[{"href":"https:\/\/naturjalles.org\/index.php\/wp-json\/wp\/v2\/pages\/292","targetHints":{"allow":["GET"]}}],"collection":[{"href":"https:\/\/naturjalles.org\/index.php\/wp-json\/wp\/v2\/pages"}],"about":[{"href":"https:\/\/naturjalles.org\/index.php\/wp-json\/wp\/v2\/types\/page"}],"author":[{"embeddable":true,"href":"https:\/\/naturjalles.org\/index.php\/wp-json\/wp\/v2\/users\/1"}],"replies":[{"embeddable":true,"href":"https:\/\/naturjalles.org\/index.php\/wp-json\/wp\/v2\/comments?post=292"}],"version-history":[{"count":7,"href":"https:\/\/naturjalles.org\/index.php\/wp-json\/wp\/v2\/pages\/292\/revisions"}],"predecessor-version":[{"id":508,"href":"https:\/\/naturjalles.org\/index.php\/wp-json\/wp\/v2\/pages\/292\/revisions\/508"}],"wp:attachment":[{"href":"https:\/\/naturjalles.org\/index.php\/wp-json\/wp\/v2\/media?parent=292"}],"curies":[{"name":"wp","href":"https:\/\/api.w.org\/{rel}","templated":true}]}}